{"id":3901,"date":"2016-05-09T14:41:10","date_gmt":"2016-05-09T14:41:10","guid":{"rendered":"https:\/\/nietomercedes.com\/?page_id=3901&#038;lang=en"},"modified":"2025-03-04T16:23:22","modified_gmt":"2025-03-04T15:23:22","slug":"contact","status":"publish","type":"page","link":"https:\/\/nietomercedes.com\/en\/contact\/","title":{"rendered":"Contact"},"content":{"rendered":"[vc_row width=&#8221;full&#8221; bg_color_row=&#8221;#ffffff&#8221; p_top=&#8221;50&#8243; css=&#8221;.vc_custom_1576896597212{padding-top: 50px !important;padding-right: 20px !important;padding-left: 20px !important;}&#8221;][vc_column][vc_column_text]\n<h2 style=\"text-align: center\"><img loading=\"lazy\" class=\"aligncenter wp-image-3400\" src=\"https:\/\/nietomercedes.com\/wp-content\/uploads\/2015\/01\/mandala3-1-100x100.png\" alt=\"Hast\u00e1nc tanfolyam a belv\u00e1rosban\" width=\"100\" height=\"100\" srcset=\"https:\/\/nietomercedes.com\/wp-content\/uploads\/2015\/01\/mandala3-1-100x100.png 100w, https:\/\/nietomercedes.com\/wp-content\/uploads\/2015\/01\/mandala3-1-150x150.png 150w, https:\/\/nietomercedes.com\/wp-content\/uploads\/2015\/01\/mandala3-1.png 200w\" sizes=\"(max-width: 100px) 100vw, 100px\" \/>Contact us<\/h2>\n[\/vc_column_text][\/vc_column][\/vc_row][vc_row gap=&#8221;35&#8243; css=&#8221;.vc_custom_1576896616902{padding-top: 40px !important;padding-right: 20px !important;padding-left: 20px !important;}&#8221;][vc_column width=&#8221;1\/2&#8243;][vc_column_text]<strong><img loading=\"lazy\" class=\"wp-image-6313 alignleft\" src=\"https:\/\/nietomercedes.com\/wp-content\/uploads\/2016\/05\/mail-1.png\" alt=\"\" width=\"40\" height=\"40\" srcset=\"https:\/\/nietomercedes.com\/wp-content\/uploads\/2016\/05\/mail-1.png 128w, https:\/\/nietomercedes.com\/wp-content\/uploads\/2016\/05\/mail-1-100x100.png 100w\" sizes=\"(max-width: 40px) 100vw, 40px\" \/>For more information about our bellydance courses and shows:<\/strong> <a href=\"mailto:info@nietomercedes.com\">info@nietomercedes.com<\/a><\/p>\n<p>&nbsp;<\/p>\n<p><strong><img loading=\"lazy\" class=\"wp-image-6314 alignleft\" src=\"https:\/\/nietomercedes.com\/wp-content\/uploads\/2016\/05\/note-1.png\" alt=\"\" width=\"40\" height=\"40\" srcset=\"https:\/\/nietomercedes.com\/wp-content\/uploads\/2016\/05\/note-1.png 128w, https:\/\/nietomercedes.com\/wp-content\/uploads\/2016\/05\/note-1-100x100.png 100w\" sizes=\"(max-width: 40px) 100vw, 40px\" \/><\/strong><\/p>\n<p class=\"icon-box-title\"><strong>Invoice address:<\/strong><br \/>\nMERCEDES NIETO ORIENTAL ART, 1055 Budapest, Szt. Istv\u00e1n krt. 17.<\/p>\n<p>&nbsp;<\/p>\n<p><strong><img loading=\"lazy\" class=\"wp-image-6315 alignleft\" src=\"https:\/\/nietomercedes.com\/wp-content\/uploads\/2016\/05\/star-1.png\" alt=\"\" width=\"40\" height=\"40\" srcset=\"https:\/\/nietomercedes.com\/wp-content\/uploads\/2016\/05\/star-1.png 128w, https:\/\/nietomercedes.com\/wp-content\/uploads\/2016\/05\/star-1-100x100.png 100w\" sizes=\"(max-width: 40px) 100vw, 40px\" \/>In case you have questions about ticket ordering, courses, cd, dvd, etc. contact:<\/strong>\u00a0<a href=\"mailto:info@nietomercedes.com\"> info@nietomercedes.com<\/a>[\/vc_column_text][vc_row_inner][vc_column_inner][vc_column_text]<strong><img loading=\"lazy\" class=\"wp-image-6313 alignleft\" src=\"https:\/\/nietomercedes.com\/wp-content\/uploads\/2016\/05\/mail-1.png\" alt=\"\" width=\"40\" height=\"40\" srcset=\"https:\/\/nietomercedes.com\/wp-content\/uploads\/2016\/05\/mail-1.png 128w, https:\/\/nietomercedes.com\/wp-content\/uploads\/2016\/05\/mail-1-100x100.png 100w\" sizes=\"(max-width: 40px) 100vw, 40px\" \/>Feel free to contact us!<\/strong>[\/vc_column_text][vc_column_text]\n<p style=\"text-align: center\">[formidable id=2]\n[\/vc_column_text][\/vc_column_inner][\/vc_row_inner][\/vc_column][vc_column width=&#8221;1\/2&#8243;][vc_column_text]<b><img loading=\"lazy\" class=\"wp-image-6316 alignleft\" src=\"https:\/\/nietomercedes.com\/wp-content\/uploads\/2016\/05\/location-1.png\" alt=\"\" width=\"40\" height=\"40\" srcset=\"https:\/\/nietomercedes.com\/wp-content\/uploads\/2016\/05\/location-1.png 128w, https:\/\/nietomercedes.com\/wp-content\/uploads\/2016\/05\/location-1-100x100.png 100w\" sizes=\"(max-width: 40px) 100vw, 40px\" \/><\/b><b>Our temporarily studio:<br \/>\n<\/b>Doh\u00e1ny u. 5\/b, Backstage Studio (Piros terem), Budapest, HU, 1074[\/vc_column_text][vc_gmaps link=&#8221;#E-8_JTNDaWZyYW1lJTIwc3JjJTNEJTIyaHR0cHMlM0ElMkYlMkZ3d3cuZ29vZ2xlLmNvbSUyRm1hcHMlMkZlbWJlZCUzRnBiJTNEJTIxMW0xOCUyMTFtMTIlMjExbTMlMjExZDI2OTUuODE0NjQ4MTYyOTM2NSUyMTJkMTkuMDYyNjM4NTE1MzM3MTU2JTIxM2Q0Ny40OTM1MjQwNzkxNzczJTIxMm0zJTIxMWYwJTIxMmYwJTIxM2YwJTIxM20yJTIxMWkxMDI0JTIxMmk3NjglMjE0ZjEzLjElMjEzbTMlMjExbTIlMjExczB4NDc0MWRjMGZhOGQxYTE5ZiUyNTNBMHhkN2E3MDRlODljM2I3YjElMjEyc05JTUZFVU0lMjUyMC0lMjUyME5pZXRvJTI1MjBNZXJjZWRlcyUyNTIwT3JpZW50JTI1QzMlMjVBMWxpcyUyNTIwVCUyNUMzJTI1QTFuY2lza29sYSUyMTVlMCUyMTNtMiUyMTFzaHUlMjEyc2FyJTIxNHYxNTc1ODQ2NDIzOTIwJTIxNW0yJTIxMXNodSUyMTJzYXIlMjIlMjB3aWR0aCUzRCUyMjYwMCUyMiUyMGhlaWdodCUzRCUyMjQ1MCUyMiUyMGZyYW1lYm9yZGVyJTNEJTIyMCUyMiUyMHN0eWxlJTNEJTIyYm9yZGVyJTNBMCUzQiUyMiUyMGFsbG93ZnVsbHNjcmVlbiUzRCUyMiUyMiUzRSUzQyUyRmlmcmFtZSUzRQ==&#8221;][\/vc_column][\/vc_row][vc_row width=&#8221;no_cols_margin&#8221;][vc_column]\n\t\t\t<!-- START imagehover2 REVOLUTION SLIDER 6.4.8 --><p class=\"rs-p-wp-fix\"><\/p>\n\t\t\t<rs-module-wrap id=\"rev_slider_6_1_wrapper\" data-source=\"gallery\" style=\"background:transparent;padding:0;margin:0px auto;margin-top:0;margin-bottom:0;\">\n\t\t\t\t<rs-module id=\"rev_slider_6_1\" style=\"\" data-version=\"6.4.8\">\n\t\t\t\t\t<rs-slides>\n\t\t\t\t\t\t<rs-slide data-key=\"rs-19\" data-title=\"Slide\" data-anim=\"ms:1000;r:0;\" data-in=\"o:0;\" data-out=\"a:false;\">\n\t\t\t\t\t\t\t<img src=\"\/\/nietomercedes.com\/wp-content\/uploads\/2019\/12\/mercedesnieto_cv1.jpg\" title=\"mercedesnieto_cv1\" width=\"1200\" height=\"551\" class=\"rev-slidebg tp-rs-img\" data-bg=\"f:contain;\" data-no-retina>\n<!--\n\t\t\t\t\t\t\t--><h5\n\t\t\t\t\t\t\t\tid=\"slider-6-slide-19-layer-0\" \n\t\t\t\t\t\t\t\tclass=\"rs-layer rev-btn\"\n\t\t\t\t\t\t\t\tdata-type=\"button\"\n\t\t\t\t\t\t\t\tdata-color=\"rgba(255, 255, 255, 0)\"\n\t\t\t\t\t\t\t\tdata-rsp_ch=\"on\"\n\t\t\t\t\t\t\t\tdata-xy=\"x:c;xo:-19px,-6px,-3px,-3px;y:m;yo:1px,4px,-14px,-14px;\"\n\t\t\t\t\t\t\t\tdata-text=\"w:normal;s:30,25,20,20;l:40,30,25,25;a:center;\"\n\t\t\t\t\t\t\t\tdata-dim=\"w:1202px,992px,753px,753px;h:413px,249px,236px,236px;minh:0,none,none,0;\"\n\t\t\t\t\t\t\t\tdata-padding=\"t:50,41,31,31;r:50,41,31,31;b:50,41,31,31;l:50,41,31,31;\"\n\t\t\t\t\t\t\t\tdata-frame_1=\"sp:990;\"\n\t\t\t\t\t\t\t\tdata-frame_999=\"o:0;st:w;sR:8010;\"\n\t\t\t\t\t\t\t\tdata-frame_hover=\"c:#fff;bgc:rgba(0,0,0,0.38);bor:0px,0px,0px,0px;sp:200;e:power1.inOut;\"\n\t\t\t\t\t\t\t\tstyle=\"z-index:5;background-color:rgba(0,0,0,0);font-family:Lato;\"\n\t\t\t\t\t\t\t>\n\t\t\t\t\t\t\t\t<div class=\"rs-untoggled-content\">\u201cO man, learn to dance, or else the angels in heaven will not know what to do with you.\u201c<br \/>\nI Praise The Dance by Saint Augustine <\/div>\n\t\t\t\t\t\t\t\t<div class=\"rs-toggled-content\">\u201cNagyon fontosnak tartom a folyamatos tanul\u00e1st, hiszen az orient\u00e1lis t\u00e1nc egy ma is \u00e9l\u0151, form\u00e1l\u00f3d\u00f3, \u00e9s a vil\u00e1g rengeteg k\u00fcl\u00f6nb\u00f6z\u0151 hely\u00e9n, v\u00e1ltozatos form\u00e1kban l\u00e9tez\u0151 t\u00e1ncforma, melynek teljes megismer\u00e9se val\u00f3sz\u00edn\u0171leg lehetetlen. <br \/>\n\u00c9ppen ez\u00e9rt (\u00e9s ennek ellen\u00e9re) t\u00f6rekedni kell min\u00e9l sokr\u00e9t\u0171bb \u00e9s \u00e1tfog\u00f3bb ismeretek szerz\u00e9s\u00e9re- a m\u0171fajjal, \u00e9s a tiszta, \u0151szinte kifejez\u00e9sm\u00f3d \u00e9rdek\u00e9ben \u00f6nmagunkkal kapcsolatban is.\u201d<\/div>\n\t\t\t\t\t\t\t<\/h5><!--\n-->\t\t\t\t\t\t<\/rs-slide>\n\t\t\t\t\t<\/rs-slides>\n\t\t\t\t<\/rs-module>\n\t\t\t\t<script type=\"text\/javascript\">\n\t\t\t\t\tsetREVStartSize({c: 'rev_slider_6_1',rl:[1240,1024,778,778],el:[700,500,300,300],gw:[1240,1024,778,778],gh:[700,500,300,300],type:'standard',justify:'',layout:'fullwidth',mh:\"0\"});\n\t\t\t\t\tvar\trevapi6,\n\t\t\t\t\t\ttpj;\n\t\t\t\t\tfunction revinit_revslider61() {\n\t\t\t\t\tjQuery(function() {\n\t\t\t\t\t\ttpj = jQuery;\n\t\t\t\t\t\trevapi6 = tpj(\"#rev_slider_6_1\");\n\t\t\t\t\t\tif(revapi6==undefined || revapi6.revolution == undefined){\n\t\t\t\t\t\t\trevslider_showDoubleJqueryError(\"rev_slider_6_1\");\n\t\t\t\t\t\t}else{\n\t\t\t\t\t\t\trevapi6.revolution({\n\t\t\t\t\t\t\t\tsliderLayout:\"fullwidth\",\n\t\t\t\t\t\t\t\tvisibilityLevels:\"1240,1024,778,778\",\n\t\t\t\t\t\t\t\tgridwidth:\"1240,1024,778,778\",\n\t\t\t\t\t\t\t\tgridheight:\"700,500,300,300\",\n\t\t\t\t\t\t\t\tspinner:\"spinner0\",\n\t\t\t\t\t\t\t\tperspectiveType:\"local\",\n\t\t\t\t\t\t\t\teditorheight:\"700,500,300,185\",\n\t\t\t\t\t\t\t\tresponsiveLevels:\"1240,1024,778,778\",\n\t\t\t\t\t\t\t\tprogressBar:{disableProgressBar:true},\n\t\t\t\t\t\t\t\tnavigation: {\n\t\t\t\t\t\t\t\t\tonHoverStop:false\n\t\t\t\t\t\t\t\t},\n\t\t\t\t\t\t\t\tfallbacks: {\n\t\t\t\t\t\t\t\t\tallowHTML5AutoPlayOnAndroid:true\n\t\t\t\t\t\t\t\t},\n\t\t\t\t\t\t\t});\n\t\t\t\t\t\t}\n\t\t\t\t\t\t\n\t\t\t\t\t});\n\t\t\t\t\t} \/\/ End of RevInitScript\n\t\t\t\tvar once_revslider61 = false;\n\t\t\t\tif (document.readyState === \"loading\") {document.addEventListener('readystatechange',function() { if((document.readyState === \"interactive\" || document.readyState === \"complete\") && !once_revslider61 ) { once_revslider61 = true; revinit_revslider61();}});} else {once_revslider61 = true; revinit_revslider61();}\n\t\t\t\t<\/script>\n\t\t\t<\/rs-module-wrap>\n\t\t\t<!-- END REVOLUTION SLIDER -->\n[\/vc_column][\/vc_row]\n","protected":false},"excerpt":{"rendered":"<p>[vc_row width=&#8221;full&#8221; bg_color_row=&#8221;#ffffff&#8221; p_top=&#8221;50&#8243; css=&#8221;.vc_custom_1576896597212{padding-top: 50px !important;padding-right: 20px !important;padding-left: 20px !important;}&#8221;][vc_column][vc_column_text] Contact us [\/vc_column_text][\/vc_column][\/vc_row][vc_row gap=&#8221;35&#8243; css=&#8221;.vc_custom_1576896616902{padding-top: 40px !important;padding-right: 20px !important;padding-left: 20px !important;}&#8221;][vc_column width=&#8221;1\/2&#8243;][vc_column_text]For more information about our bellydance courses and shows: info@nietomercedes.com &nbsp; Invoice address: MERCEDES NIETO ORIENTAL ART, 1055 Budapest, Szt. Istv\u00e1n krt. 17. &nbsp; In case you have questions about ticket ordering, courses, cd, dvd, etc. contact:\u00a0 info@nietomercedes.com[\/vc_column_text][vc_row_inner][vc_column_inner][vc_column_text]Feel &#8230; <\/p>\n<div><a href=\"https:\/\/nietomercedes.com\/en\/contact\/\" class=\"more-link\">Read More<\/a><\/div>\n","protected":false},"author":1,"featured_media":0,"parent":0,"menu_order":0,"comment_status":"closed","ping_status":"closed","template":"template-blank-4.php","meta":{"_monsterinsights_skip_tracking":false,"_monsterinsights_sitenote_active":false,"_monsterinsights_sitenote_note":"","_monsterinsights_sitenote_category":0},"yoast_head":"<!-- This site is optimized with the Yoast SEO plugin v16.1.1 - https:\/\/yoast.com\/wordpress\/plugins\/seo\/ -->\n<title>Contact - Nietomercedes.com<\/title>\n<link rel=\"canonical\" href=\"https:\/\/nietomercedes.com\/en\/contact\/\" \/>\n<meta property=\"og:locale\" content=\"en_US\" \/>\n<meta property=\"og:type\" content=\"article\" \/>\n<meta property=\"og:title\" content=\"Contact - Nietomercedes.com\" \/>\n<meta property=\"og:description\" content=\"[vc_row width=&#8221;full&#8221; bg_color_row=&#8221;#ffffff&#8221; p_top=&#8221;50&#8243; css=&#8221;.vc_custom_1576896597212{padding-top: 50px !important;padding-right: 20px !important;padding-left: 20px !important;}&#8221;][vc_column][vc_column_text] Contact us [\/vc_column_text][\/vc_column][\/vc_row][vc_row gap=&#8221;35&#8243; css=&#8221;.vc_custom_1576896616902{padding-top: 40px !important;padding-right: 20px !important;padding-left: 20px !important;}&#8221;][vc_column width=&#8221;1\/2&#8243;][vc_column_text]For more information about our bellydance courses and shows: info@nietomercedes.com &nbsp; Invoice address: MERCEDES NIETO ORIENTAL ART, 1055 Budapest, Szt. Istv\u00e1n krt. 17. &nbsp; In case you have questions about ticket ordering, courses, cd, dvd, etc. contact:\u00a0 info@nietomercedes.com[\/vc_column_text][vc_row_inner][vc_column_inner][vc_column_text]Feel ... Read More\" \/>\n<meta property=\"og:url\" content=\"https:\/\/nietomercedes.com\/en\/contact\/\" \/>\n<meta property=\"og:site_name\" content=\"Nietomercedes.com\" \/>\n<meta property=\"article:modified_time\" content=\"2025-03-04T15:23:22+00:00\" \/>\n<meta property=\"og:image\" content=\"https:\/\/nietomercedes.com\/wp-content\/uploads\/2015\/01\/mandala3-1-100x100.png\" \/>\n<meta name=\"twitter:card\" content=\"summary_large_image\" \/>\n<meta name=\"twitter:label1\" content=\"Est. reading time\">\n\t<meta name=\"twitter:data1\" content=\"2 minutes\">\n<script type=\"application\/ld+json\" class=\"yoast-schema-graph\">{\"@context\":\"https:\/\/schema.org\",\"@graph\":[{\"@type\":\"WebSite\",\"@id\":\"https:\/\/nietomercedes.com\/en\/#website\",\"url\":\"https:\/\/nietomercedes.com\/en\/\",\"name\":\"Nietomercedes.com\",\"description\":\"M\\u0171v\\u00e9szi Hast\\u00e1ncoktat\\u00e1s Budapest - Nimfeum a J\\u00e1szai Mari t\\u00e9rn\\u00e9l - Kezd\\u0151 \\u00e9s halad\\u00f3 hast\\u00e1nc\",\"potentialAction\":[{\"@type\":\"SearchAction\",\"target\":\"https:\/\/nietomercedes.com\/en\/?s={search_term_string}\",\"query-input\":\"required name=search_term_string\"}],\"inLanguage\":\"en-US\"},{\"@type\":\"ImageObject\",\"@id\":\"https:\/\/nietomercedes.com\/en\/contact\/#primaryimage\",\"inLanguage\":\"en-US\",\"url\":\"https:\/\/nietomercedes.com\/wp-content\/uploads\/2015\/01\/mandala3-1.png\",\"contentUrl\":\"https:\/\/nietomercedes.com\/wp-content\/uploads\/2015\/01\/mandala3-1.png\",\"width\":200,\"height\":200,\"caption\":\"Hast\\u00e1nc tanfolyam a belv\\u00e1rosban\"},{\"@type\":\"WebPage\",\"@id\":\"https:\/\/nietomercedes.com\/en\/contact\/#webpage\",\"url\":\"https:\/\/nietomercedes.com\/en\/contact\/\",\"name\":\"Contact - Nietomercedes.com\",\"isPartOf\":{\"@id\":\"https:\/\/nietomercedes.com\/en\/#website\"},\"primaryImageOfPage\":{\"@id\":\"https:\/\/nietomercedes.com\/en\/contact\/#primaryimage\"},\"datePublished\":\"2016-05-09T14:41:10+00:00\",\"dateModified\":\"2025-03-04T15:23:22+00:00\",\"breadcrumb\":{\"@id\":\"https:\/\/nietomercedes.com\/en\/contact\/#breadcrumb\"},\"inLanguage\":\"en-US\",\"potentialAction\":[{\"@type\":\"ReadAction\",\"target\":[\"https:\/\/nietomercedes.com\/en\/contact\/\"]}]},{\"@type\":\"BreadcrumbList\",\"@id\":\"https:\/\/nietomercedes.com\/en\/contact\/#breadcrumb\",\"itemListElement\":[{\"@type\":\"ListItem\",\"position\":1,\"item\":{\"@type\":\"WebPage\",\"@id\":\"https:\/\/nietomercedes.com\/en\/\",\"url\":\"https:\/\/nietomercedes.com\/en\/\",\"name\":\"Home\"}},{\"@type\":\"ListItem\",\"position\":2,\"item\":{\"@type\":\"WebPage\",\"@id\":\"https:\/\/nietomercedes.com\/en\/contact\/\",\"url\":\"https:\/\/nietomercedes.com\/en\/contact\/\",\"name\":\"Contact\"}}]}]}<\/script>\n<!-- \/ Yoast SEO plugin. -->","_links":{"self":[{"href":"https:\/\/nietomercedes.com\/en\/wp-json\/wp\/v2\/pages\/3901"}],"collection":[{"href":"https:\/\/nietomercedes.com\/en\/wp-json\/wp\/v2\/pages"}],"about":[{"href":"https:\/\/nietomercedes.com\/en\/wp-json\/wp\/v2\/types\/page"}],"author":[{"embeddable":true,"href":"https:\/\/nietomercedes.com\/en\/wp-json\/wp\/v2\/users\/1"}],"replies":[{"embeddable":true,"href":"https:\/\/nietomercedes.com\/en\/wp-json\/wp\/v2\/comments?post=3901"}],"version-history":[{"count":9,"href":"https:\/\/nietomercedes.com\/en\/wp-json\/wp\/v2\/pages\/3901\/revisions"}],"predecessor-version":[{"id":12429,"href":"https:\/\/nietomercedes.com\/en\/wp-json\/wp\/v2\/pages\/3901\/revisions\/12429"}],"wp:attachment":[{"href":"https:\/\/nietomercedes.com\/en\/wp-json\/wp\/v2\/media?parent=3901"}],"curies":[{"name":"wp","href":"https:\/\/api.w.org\/{rel}","templated":true}]}}