{"id":6012,"date":"2019-09-12T12:21:41","date_gmt":"2019-09-12T12:21:41","guid":{"rendered":"https:\/\/nietomercedes.com\/?page_id=6012"},"modified":"2025-09-03T13:34:54","modified_gmt":"2025-09-03T12:34:54","slug":"new-beginner-bellydance-class","status":"publish","type":"page","link":"https:\/\/nietomercedes.com\/en\/belly-dance-courses\/new-beginner-bellydance-class\/","title":{"rendered":"NEW! Beginner Bellydance Class"},"content":{"rendered":"[vc_row css=&#8221;.vc_custom_1579121300028{padding-right: 20px !important;padding-left: 20px !important;}&#8221;][vc_column][vc_column_text]\n<h2 style=\"text-align: center\"><img loading=\"lazy\" class=\"aligncenter wp-image-6080\" src=\"https:\/\/nietomercedes.com\/wp-content\/uploads\/2015\/01\/mandala3-1-100x100.png\" alt=\"Hast\u00e1nc tanfolyam a belv\u00e1rosban\" width=\"100\" height=\"100\" srcset=\"https:\/\/nietomercedes.com\/wp-content\/uploads\/2015\/01\/mandala3-1-100x100.png 100w, https:\/\/nietomercedes.com\/wp-content\/uploads\/2015\/01\/mandala3-1-150x150.png 150w, https:\/\/nietomercedes.com\/wp-content\/uploads\/2015\/01\/mandala3-1.png 200w\" sizes=\"(max-width: 100px) 100vw, 100px\" \/>Want to try something new?<br \/>\nOr you would like to return to bellydance again?<\/h2>\n[\/vc_column_text][vc_column_text]\n<h4 style=\"text-align: center\"><\/h4>\n<p style=\"text-align: center\">Come and get a taste of Middle Eastern dance, \u201craqs sharki\u201d, more commonly known as belly dance, in an intensive, inspiring and dynamic workshop.<br \/>\nAfterwards you can join our regular weekly beginners\u2019 group.<\/p>\n<h3 style=\"text-align: center\"><strong>New courses starting on 8 September 2025 at Nimfeum Oriental Dance Studio!<\/strong><\/h3>\n<h4 style=\"text-align: center\">\u00a0Sign up through email: <a href=\"mailto:info@nietomercedes.com\">info@nietomercedes.com<\/a><\/h4>\n[\/vc_column_text][vc_single_image image=&#8221;12357&#8243; img_size=&#8221;large&#8221; alignment=&#8221;center&#8221;][\/vc_column][\/vc_row][vc_row css=&#8221;.vc_custom_1579121300028{padding-right: 20px !important;padding-left: 20px !important;}&#8221;][vc_column][vc_row_inner disable_element=&#8221;yes&#8221;][vc_column_inner width=&#8221;1\/2&#8243;][vc_single_image image=&#8221;11851&#8243; img_size=&#8221;large&#8221; alignment=&#8221;center&#8221;][\/vc_column_inner][vc_column_inner width=&#8221;1\/2&#8243;][vc_single_image image=&#8221;11849&#8243; img_size=&#8221;large&#8221; alignment=&#8221;center&#8221;][\/vc_column_inner][\/vc_row_inner][vc_row_inner disable_element=&#8221;yes&#8221;][vc_column_inner width=&#8221;1\/2&#8243;][vc_column_text c_id=&#8221;.vc_1546888037962&#8243;]\n<h4 style=\"text-align: left\">In the Nimfeum you will meet:<\/h4>\n<p><strong>Artistic bellydance education.<\/strong><\/p>\n<p>The head of the school is a world-famous dancer, Professional teachers, Workshops, competitions, summer camp, International community.<\/p>\n[\/vc_column_text][\/vc_column_inner][vc_column_inner width=&#8221;1\/2&#8243;][vc_column_text c_id=&#8221;.vc_1546885788869&#8243;]\n<h4 style=\"text-align: left\">In the Nimfeum you will NOT meet<\/h4>\n<p style=\"text-align: left\"><strong>Boring Classes, Unprofessional education.<\/strong><\/p>\n<p>You can study bellydance at a higher, artistic level, in a supporting and welcoming environment with enthusiastic and professional teachers.<\/p>\n[\/vc_column_text][\/vc_column_inner][\/vc_row_inner][\/vc_column][\/vc_row][vc_row width=&#8221;full&#8221; bg_color_row=&#8221;#ffffff&#8221; p_top=&#8221;50&#8243; css=&#8221;.vc_custom_1579116894240{padding-right: 20px !important;padding-left: 20px !important;}&#8221;][vc_column][vc_column_text]\n<h2 style=\"text-align: center\"><img loading=\"lazy\" class=\"wp-image-6256 aligncenter\" src=\"https:\/\/nietomercedes.com\/wp-content\/uploads\/2016\/04\/mandala10-1-100x100.png\" alt=\"Hast\u00e1nc oktat\u00e1s, kezd\u0151 \u00e9s halad\u00f3 tanfolyamok\" width=\"100\" height=\"100\" srcset=\"https:\/\/nietomercedes.com\/wp-content\/uploads\/2016\/04\/mandala10-1-100x100.png 100w, https:\/\/nietomercedes.com\/wp-content\/uploads\/2016\/04\/mandala10-1-150x150.png 150w, https:\/\/nietomercedes.com\/wp-content\/uploads\/2016\/04\/mandala10-1.png 236w\" sizes=\"(max-width: 100px) 100vw, 100px\" \/>Timetable<\/h2>\n<div id=\"gtx-trans\">\n<div class=\"gtx-trans-icon\"><\/div>\n<\/div>\n[\/vc_column_text][vc_single_image image=&#8221;12600&#8243; img_size=&#8221;1000x439px&#8221; alignment=&#8221;center&#8221; onclick=&#8221;img_link_large&#8221; css_animation=&#8221;fadeIn&#8221;][vc_row_inner gap=&#8221;25&#8243; disable_element=&#8221;yes&#8221;][vc_column_inner width=&#8221;1\/4&#8243;][vc_single_image image=&#8221;3648&#8243; img_size=&#8221;large&#8221; alignment=&#8221;center&#8221;][\/vc_column_inner][vc_column_inner width=&#8221;3\/4&#8243;][vc_column_text]\n<h3>Anita Mak\u00e1cs<\/h3>\n<p style=\"text-align: justify\">My name is Anita Mak\u00e1cs and since 2006 I have been doing Oriental dance. The diversity, depth, content, and femininity of the genre have caught me from the very first minute. I try to convey this complexity in my lessons as well. To make the most of the disciples, to establish the connection between music, their bodies and their hearts. I have been teaching at the Nimfeum since Fall 2014 and have been a member of the Nimfa Oriental Society since 2013. So far, I have had the opportunity to learn from several domestic and foreign masters. My teachers who taught and inspired me over the years were: Nieto Mercedes (also my current teacher), Lubna Emam, Mohamed Kazafy, Mohamed Shahin, Tito Seif, Mahanned Hawaz, Sadie, Jillina, Elena Ramazanova, Katerina Shereen , Guan, Saida, Kati Breb\u00e1n, Anik\u00e1n \u00c1ncs\u00e1n, Anett Kecskem\u00e9ti, Diana Dahab, Dina Jamilah. Beyond the oriental dance, I worked for a short time on jazz, salsa, bachata. I would like to end my lines with one of my favorite quotes: &#8220;Great dancers are not great because of their technique, they are great because of their passion!&#8221;<\/p>\n[\/vc_column_text][vc_btn title=&#8221;Join to Anita&#8217;s beginner course!&#8221; style=&#8221;flat&#8221; color=&#8221;juicy-pink&#8221; align=&#8221;left&#8221; link=&#8221;url:https%3A%2F%2Fwww.facebook.com%2Fnimfeum%2F|title:Register|target:_blank|&#8221;][\/vc_column_inner][\/vc_row_inner][\/vc_column][\/vc_row][vc_row width=&#8221;full&#8221; bg_color_row=&#8221;#ffffff&#8221; p_top=&#8221;50&#8243; css=&#8221;.vc_custom_1576898614961{padding-right: 20px !important;padding-left: 20px !important;background-color: #ffffff !important;}&#8221;][vc_column][vc_column_text]\n<h2 style=\"text-align: center\"><img loading=\"lazy\" class=\"wp-image-6559 size-full aligncenter\" src=\"https:\/\/nietomercedes.com\/wp-content\/uploads\/2016\/04\/mandala8-1.png\" alt=\"Hast\u00e1nc oktat\u00e1s, kezd\u0151 \u00e9s halad\u00f3 tanfolyamok\" width=\"91\" height=\"91\" \/>Launching Prices<\/h2>\n<div id=\"gtx-trans\">\n<div class=\"gtx-trans-icon\"><\/div>\n<\/div>\n[\/vc_column_text][vc_column_text c_id=&#8221;.vc_1484969607481&#8243;]\n<p style=\"text-align: center\">The classes are 60 minutes long.<br \/>\nLet us know that you would like to join through the <a href=\"mailto:info@nietomercedes.com\">info@nietomercedes.com<\/a><a>\u00a0<\/a>email address or NIMFEUM&#8217;s Facebook page.<\/p>\n[\/vc_column_text][vc_row_inner equal_height=&#8221;yes&#8221; gap=&#8221;10&#8243; css=&#8221;.vc_custom_1575672798327{padding-bottom: 50px !important;}&#8221;][vc_column_inner width=&#8221;1\/4&#8243; css=&#8221;.vc_custom_1575672831281{background-color: #e2e2e2 !important;}&#8221;][vc_column_text]\n<h5 style=\"text-align: center\"><img loading=\"lazy\" class=\"aligncenter wp-image-6087\" src=\"https:\/\/nietomercedes.com\/wp-content\/uploads\/2015\/01\/kisikon2-1.png\" alt=\"\" width=\"50\" height=\"56\" \/>Single class ticket<\/h5>\n<h4 style=\"text-align: center\">4000 Ft<\/h4>\n<p style=\"text-align: center\">(1&#215;60 min)<\/p>\n[\/vc_column_text][\/vc_column_inner][vc_column_inner width=&#8221;1\/4&#8243; css=&#8221;.vc_custom_1575672861080{background-color: #e2e2e2 !important;}&#8221;][vc_column_text]\n<h5 style=\"text-align: center\"><img loading=\"lazy\" class=\"aligncenter wp-image-6087\" src=\"https:\/\/nietomercedes.com\/wp-content\/uploads\/2015\/01\/kisikon2-1.png\" alt=\"\" width=\"50\" height=\"56\" \/>Classcard of 4 classes<\/h5>\n<h4 style=\"text-align: center\">14.000 Ft<\/h4>\n<p style=\"text-align: center\">Valid for 5 weeks<\/p>\n[\/vc_column_text][\/vc_column_inner][vc_column_inner width=&#8221;1\/4&#8243; css=&#8221;.vc_custom_1575672874380{background-color: #e2e2e2 !important;}&#8221;][vc_column_text]\n<h5 style=\"text-align: center\"><img loading=\"lazy\" class=\"aligncenter wp-image-6087\" src=\"https:\/\/nietomercedes.com\/wp-content\/uploads\/2015\/01\/kisikon2-1.png\" alt=\"\" width=\"50\" height=\"56\" \/><\/h5>\n<h5 style=\"text-align: center\">Classcard of 8 classes<\/h5>\n<h4 style=\"text-align: center\">24.000 Ft<\/h4>\n<p style=\"text-align: center\">Valid for 6 weeks<\/p>\n[\/vc_column_text][\/vc_column_inner][vc_column_inner width=&#8221;1\/4&#8243; css=&#8221;.vc_custom_1575672886323{background-color: #e2e2e2 !important;}&#8221;][vc_column_text]\n<h5 style=\"text-align: center\"><img loading=\"lazy\" class=\"aligncenter wp-image-6087\" src=\"https:\/\/nietomercedes.com\/wp-content\/uploads\/2015\/01\/kisikon2-1.png\" alt=\"\" width=\"50\" height=\"56\" \/>Nimfa Training with Mercedes<\/h5>\n<p style=\"text-align: center\"><span style=\"font-family: 'Ubuntu Condensed';font-size: 10pt\"><em>There are currently no Nymph Trainings, new starting dates soon!<\/em><\/span><\/p>\n<h4 style=\"text-align: center\">18 EUR<\/h4>\n<p style=\"text-align: center\">Single class ticket<\/p>\n<div id=\"gtx-trans\">\n<div class=\"gtx-trans-icon\"><\/div>\n<\/div>\n[\/vc_column_text][\/vc_column_inner][\/vc_row_inner][\/vc_column][\/vc_row][vc_row disable_element=&#8221;yes&#8221; width=&#8221;full&#8221; bg_color_row=&#8221;#ffffff&#8221; p_top=&#8221;50&#8243; css=&#8221;.vc_custom_1669134833909{padding-right: 20px !important;padding-left: 20px !important;}&#8221;][vc_column][vc_column_text]\n<h2 style=\"text-align: center\"><img loading=\"lazy\" class=\"wp-image-6561 aligncenter\" src=\"https:\/\/nietomercedes.com\/wp-content\/uploads\/2016\/04\/mandala9-1-100x100.png\" alt=\"Hast\u00e1nc oktat\u00e1s, kezd\u0151 \u00e9s halad\u00f3 tanfolyamok\" width=\"100\" height=\"100\" srcset=\"https:\/\/nietomercedes.com\/wp-content\/uploads\/2016\/04\/mandala9-1-100x100.png 100w, https:\/\/nietomercedes.com\/wp-content\/uploads\/2016\/04\/mandala9-1-150x150.png 150w, https:\/\/nietomercedes.com\/wp-content\/uploads\/2016\/04\/mandala9-1.png 236w\" sizes=\"(max-width: 100px) 100vw, 100px\" \/>Good to know<\/h2>\n<div id=\"gtx-trans\">\n<div class=\"gtx-trans-icon\"><\/div>\n<\/div>\n[\/vc_column_text][\/vc_column][\/vc_row][vc_row disable_element=&#8221;yes&#8221;][vc_column width=&#8221;1\/2&#8243;][vc_column_text]\n<p style=\"text-align: left\">\u2022 We recommend you dress in a comfortable pair of leggings or skirt, top, t-shirt, leotard. Your movement will be better visible if your keep your belly uncovered &#8211; this is bellydance after all \ud83d\ude42 Don&#8217;t forget a pair of socks or split-sole ballet shoes, and a scarf onto your hip (later on you are welcome to upgrade for a bellydance scarf)<\/p>\n<p style=\"text-align: left\">\u2022 You may join all classes online. For this, you will need to install Zoom software on your computer\/tablet\/smartphone before the class start. It will take only a few clicks: <a href=\"https:\/\/zoom.us\/support\/download\" target=\"_blank\" rel=\"noopener noreferrer\" data-saferedirecturl=\"https:\/\/www.google.com\/url?q=https:\/\/zoom.us\/support\/download&amp;source=gmail&amp;ust=1585297236320000&amp;usg=AFQjCNGsYWkaudQ-NT1bq8j-IOYRJolngQ\">https:\/\/zoom.us\/support\/download\u00a0<\/a> or find the Zoom app on Google Play or Apple Store. We will be able to communicate and see each other via Zoom and then rewatch the class recordings. Naturally, you are free to keep your camera off if you feel more comfortable that way.<\/p>\n[\/vc_column_text][\/vc_column][vc_column width=&#8221;1\/2&#8243;][vc_column_text]\n<p style=\"text-align: left\">\u2022 Music, training clothes, costumes, and DVDs are available in the studio to help your practice and performance. You may order them through the webshop as well.<\/p>\n<p style=\"text-align: left\">\u2022 If you rather prefer to practise in your own pace at home, you may choose the pre-recorded workshops: https:\/\/bit.ly\/3euIjEx<\/p>\n<p style=\"text-align: left\">\u2022 You may book an appointment for an inspiring private lesson or choreography coaching with Mercedes online by email: info@nietomercedes.com<\/p>\n<p style=\"text-align: left\">\u2022 If it is time for a big level-up, join Mercedes&#8217; special RAQSoul Workshopjaihoz for new inspiration: https:\/\/bit.ly\/3mXd2ND<\/p>\n[\/vc_column_text][\/vc_column][\/vc_row][vc_row][vc_column][vc_column_text]\n<p style=\"text-align: center\"><span style=\"font-size: 14pt\">Please, secure your spot one hour before the class.\u00a0<\/span><\/p>\n<p style=\"text-align: center\"><span style=\"font-size: 14pt\"><strong>Payment method:<\/strong><\/span><\/p>\n<div style=\"text-align: center\"><strong>You may choose between bank transfer and PayPal.<\/strong><\/div>\n<div style=\"text-align: center\"><strong>Either one you choose, please, tell us in the comment section of the payment the following information:\u00a0<\/strong><\/div>\n<div style=\"text-align: center\"><strong>K\u00e9rlek, minden esetben \u00edrd be a k\u00f6zlem\u00e9nybe ezeket:\u00a0<\/strong><\/div>\n<div style=\"text-align: center\"><\/div>\n<div style=\"text-align: center\">Full name<\/div>\n<div style=\"text-align: center\">Billing address<\/div>\n<div style=\"text-align: center\">Class name &amp; Ticket type (in case of the Single class ticket, please, put in the date of the class of your choice as well)<\/div>\n<div style=\"text-align: center\"><\/div>\n<div style=\"text-align: center\"><\/div>\n<div style=\"text-align: center\"><strong>PayPal:<\/strong> info@nietomercedes.com<\/div>\n<div style=\"text-align: center\"><\/div>\n<div style=\"text-align: center\"><\/div>\n<div style=\"text-align: center\"><strong>Bank Transfer:\u00a0<\/strong><\/div>\n<div style=\"text-align: center\"><strong>From any Hungarian bank account:\u00a0<\/strong><\/div>\n<div style=\"text-align: center\">Mercedes Nieto Oriental Art<\/div>\n<div style=\"text-align: center\">Nieto Merc\u00e9desz<\/div>\n<div style=\"text-align: center\">Budapest Bank<\/div>\n<div style=\"text-align: center\">10103104-41873100-01004009<\/div>\n<div style=\"text-align: center\"><\/div>\n<div style=\"text-align: center\"><\/div>\n<div style=\"text-align: center\"><strong>From any foreign bank account:\u00a0<\/strong><\/div>\n<div style=\"text-align: center\">Mercedes Nieto Oriental Art<\/div>\n<div style=\"text-align: center\">Nieto Merc\u00e9desz<\/div>\n<div style=\"text-align: center\">Budapest Bank<\/div>\n<div style=\"text-align: center\">Address: 1138, Budapest , V\u00e1ci \u00fat 188.<\/div>\n<div style=\"text-align: center\">Bank account number: 10103104-41873100-01004009<\/div>\n<div style=\"text-align: center\">SWIFT\/BIC code: BUDAHUHB<\/div>\n<div style=\"text-align: center\">Iban Code: HU78-10103104-41873100-01004009<\/div>\n<div id=\"gtx-trans\">\n<div class=\"gtx-trans-icon\"><\/div>\n<\/div>\n[\/vc_column_text][\/vc_column][\/vc_row][vc_row css=&#8221;.vc_custom_1576898645170{padding-right: 20px !important;padding-bottom: 100px !important;padding-left: 20px !important;}&#8221;][vc_column][vc_column_text]\n<h2 style=\"text-align: center\"><span style=\"color: #8c702e\">You like the class, but feel a bit uncertain?<\/span><\/h2>\n<p style=\"text-align: center\"><strong>No worries! You can join the class anytime.<\/strong><\/p>\n<p style=\"text-align: center\">Registration through the <a href=\"mailto:info@nietomercedes.com\">info@nietomercedes.com<\/a><a>\u00a0<\/a>email address or NIMFEUM&#8217;s Facebook page.<\/p>\n[\/vc_column_text][vc_btn title=&#8221;Check out the NIMFEUM Facebook page!&#8221; style=&#8221;flat&#8221; color=&#8221;juicy-pink&#8221; align=&#8221;center&#8221; link=&#8221;url:https%3A%2F%2Fwww.facebook.com%2Fnimfeum%2F|title:Register|target:_blank|&#8221;][\/vc_column][\/vc_row]\n","protected":false},"excerpt":{"rendered":"<p>[vc_row css=&#8221;.vc_custom_1579121300028{padding-right: 20px !important;padding-left: 20px !important;}&#8221;][vc_column][vc_column_text] Want to try something new? Or you would like to return to bellydance again? [\/vc_column_text][vc_column_text] Come and get a taste of Middle Eastern dance, \u201craqs sharki\u201d, more commonly known as belly dance, in an intensive, inspiring and dynamic workshop. Afterwards you can join our regular weekly beginners\u2019 group. New courses starting on 8 September &#8230; <\/p>\n<div><a href=\"https:\/\/nietomercedes.com\/en\/belly-dance-courses\/new-beginner-bellydance-class\/\" class=\"more-link\">Read More<\/a><\/div>\n","protected":false},"author":1,"featured_media":12357,"parent":6557,"menu_order":0,"comment_status":"closed","ping_status":"closed","template":"template-blank-4.php","meta":{"_monsterinsights_skip_tracking":false,"_monsterinsights_sitenote_active":false,"_monsterinsights_sitenote_note":"","_monsterinsights_sitenote_category":0},"yoast_head":"<!-- This site is optimized with the Yoast SEO plugin v16.1.1 - https:\/\/yoast.com\/wordpress\/plugins\/seo\/ -->\n<title>NEW! Beginner Bellydance Class - Nietomercedes.com<\/title>\n<meta name=\"description\" content=\"New beginner bellydance classes at Nimfeum. Let&#039;s enjoy the art of bellydance together - online and live workshops are available too!\" \/>\n<link rel=\"canonical\" href=\"https:\/\/nietomercedes.com\/en\/belly-dance-courses\/new-beginner-bellydance-class\/\" \/>\n<meta property=\"og:locale\" content=\"en_US\" \/>\n<meta property=\"og:type\" content=\"article\" \/>\n<meta property=\"og:title\" content=\"NEW! Beginner Bellydance Class - Nietomercedes.com\" \/>\n<meta property=\"og:description\" content=\"New beginner bellydance classes at Nimfeum. Let&#039;s enjoy the art of bellydance together - online and live workshops are available too!\" \/>\n<meta property=\"og:url\" content=\"https:\/\/nietomercedes.com\/en\/belly-dance-courses\/new-beginner-bellydance-class\/\" \/>\n<meta property=\"og:site_name\" content=\"Nietomercedes.com\" \/>\n<meta property=\"article:modified_time\" content=\"2025-09-03T12:34:54+00:00\" \/>\n<meta property=\"og:image\" content=\"https:\/\/nietomercedes.com\/wp-content\/uploads\/2025\/01\/kicsi-kozos-kep.jpg\" \/>\n\t<meta property=\"og:image:width\" content=\"800\" \/>\n\t<meta property=\"og:image:height\" content=\"534\" \/>\n<meta name=\"twitter:card\" content=\"summary_large_image\" \/>\n<meta name=\"twitter:label1\" content=\"Est. reading time\">\n\t<meta name=\"twitter:data1\" content=\"6 minutes\">\n<script type=\"application\/ld+json\" class=\"yoast-schema-graph\">{\"@context\":\"https:\/\/schema.org\",\"@graph\":[{\"@type\":\"WebSite\",\"@id\":\"https:\/\/nietomercedes.com\/en\/#website\",\"url\":\"https:\/\/nietomercedes.com\/en\/\",\"name\":\"Nietomercedes.com\",\"description\":\"M\\u0171v\\u00e9szi Hast\\u00e1ncoktat\\u00e1s Budapest - Nimfeum a J\\u00e1szai Mari t\\u00e9rn\\u00e9l - Kezd\\u0151 \\u00e9s halad\\u00f3 hast\\u00e1nc\",\"potentialAction\":[{\"@type\":\"SearchAction\",\"target\":\"https:\/\/nietomercedes.com\/en\/?s={search_term_string}\",\"query-input\":\"required name=search_term_string\"}],\"inLanguage\":\"en-US\"},{\"@type\":\"ImageObject\",\"@id\":\"https:\/\/nietomercedes.com\/en\/belly-dance-courses\/new-beginner-bellydance-class\/#primaryimage\",\"inLanguage\":\"en-US\",\"url\":\"https:\/\/nietomercedes.com\/wp-content\/uploads\/2025\/01\/kicsi-kozos-kep.jpg\",\"contentUrl\":\"https:\/\/nietomercedes.com\/wp-content\/uploads\/2025\/01\/kicsi-kozos-kep.jpg\",\"width\":800,\"height\":534},{\"@type\":\"WebPage\",\"@id\":\"https:\/\/nietomercedes.com\/en\/belly-dance-courses\/new-beginner-bellydance-class\/#webpage\",\"url\":\"https:\/\/nietomercedes.com\/en\/belly-dance-courses\/new-beginner-bellydance-class\/\",\"name\":\"NEW! Beginner Bellydance Class - Nietomercedes.com\",\"isPartOf\":{\"@id\":\"https:\/\/nietomercedes.com\/en\/#website\"},\"primaryImageOfPage\":{\"@id\":\"https:\/\/nietomercedes.com\/en\/belly-dance-courses\/new-beginner-bellydance-class\/#primaryimage\"},\"datePublished\":\"2019-09-12T12:21:41+00:00\",\"dateModified\":\"2025-09-03T12:34:54+00:00\",\"description\":\"New beginner bellydance classes at Nimfeum. Let's enjoy the art of bellydance together - online and live workshops are available too!\",\"breadcrumb\":{\"@id\":\"https:\/\/nietomercedes.com\/en\/belly-dance-courses\/new-beginner-bellydance-class\/#breadcrumb\"},\"inLanguage\":\"en-US\",\"potentialAction\":[{\"@type\":\"ReadAction\",\"target\":[\"https:\/\/nietomercedes.com\/en\/belly-dance-courses\/new-beginner-bellydance-class\/\"]}]},{\"@type\":\"BreadcrumbList\",\"@id\":\"https:\/\/nietomercedes.com\/en\/belly-dance-courses\/new-beginner-bellydance-class\/#breadcrumb\",\"itemListElement\":[{\"@type\":\"ListItem\",\"position\":1,\"item\":{\"@type\":\"WebPage\",\"@id\":\"https:\/\/nietomercedes.com\/en\/\",\"url\":\"https:\/\/nietomercedes.com\/en\/\",\"name\":\"Home\"}},{\"@type\":\"ListItem\",\"position\":2,\"item\":{\"@type\":\"WebPage\",\"@id\":\"https:\/\/nietomercedes.com\/en\/belly-dance-courses\/\",\"url\":\"https:\/\/nietomercedes.com\/en\/belly-dance-courses\/\",\"name\":\"Belly Dance Courses\"}},{\"@type\":\"ListItem\",\"position\":3,\"item\":{\"@type\":\"WebPage\",\"@id\":\"https:\/\/nietomercedes.com\/en\/belly-dance-courses\/new-beginner-bellydance-class\/\",\"url\":\"https:\/\/nietomercedes.com\/en\/belly-dance-courses\/new-beginner-bellydance-class\/\",\"name\":\"NEW! Beginner Bellydance Class\"}}]}]}<\/script>\n<!-- \/ Yoast SEO plugin. -->","_links":{"self":[{"href":"https:\/\/nietomercedes.com\/en\/wp-json\/wp\/v2\/pages\/6012"}],"collection":[{"href":"https:\/\/nietomercedes.com\/en\/wp-json\/wp\/v2\/pages"}],"about":[{"href":"https:\/\/nietomercedes.com\/en\/wp-json\/wp\/v2\/types\/page"}],"author":[{"embeddable":true,"href":"https:\/\/nietomercedes.com\/en\/wp-json\/wp\/v2\/users\/1"}],"replies":[{"embeddable":true,"href":"https:\/\/nietomercedes.com\/en\/wp-json\/wp\/v2\/comments?post=6012"}],"version-history":[{"count":62,"href":"https:\/\/nietomercedes.com\/en\/wp-json\/wp\/v2\/pages\/6012\/revisions"}],"predecessor-version":[{"id":12627,"href":"https:\/\/nietomercedes.com\/en\/wp-json\/wp\/v2\/pages\/6012\/revisions\/12627"}],"up":[{"embeddable":true,"href":"https:\/\/nietomercedes.com\/en\/wp-json\/wp\/v2\/pages\/6557"}],"wp:featuredmedia":[{"embeddable":true,"href":"https:\/\/nietomercedes.com\/en\/wp-json\/wp\/v2\/media\/12357"}],"wp:attachment":[{"href":"https:\/\/nietomercedes.com\/en\/wp-json\/wp\/v2\/media?parent=6012"}],"curies":[{"name":"wp","href":"https:\/\/api.w.org\/{rel}","templated":true}]}}