{"id":8214,"date":"2020-03-26T10:10:16","date_gmt":"2020-03-26T10:10:16","guid":{"rendered":"https:\/\/nietomercedes.com\/raqsoul-with-mercedes-nieto\/"},"modified":"2020-12-18T16:10:57","modified_gmt":"2020-12-18T16:10:57","slug":"raqsoul-with-mercedes-nieto","status":"publish","type":"page","link":"https:\/\/nietomercedes.com\/en\/raqsoul-with-mercedes-nieto\/","title":{"rendered":"RAQSoul with Mercedes Nieto"},"content":{"rendered":"[vc_row][vc_column][vc_single_image image=&#8221;8147&#8243; img_size=&#8221;full&#8221; alignment=&#8221;center&#8221;][vc_column_text]\n<h2 style=\"text-align: center\">RAQSoul Nieto Mercedesszel<\/h2>\n<p>&nbsp;<\/p>\n<p>A vil\u00e1gunk csup\u00e1n p\u00e1r nap alatt teljesen megv\u00e1ltozott. Amit a k\u00f6zelm\u00faltb\u00f3l a legink\u00e1bb hi\u00e1nyolok, azok az \u00e9rt\u00e9kes kapcsol\u00f3d\u00e1sok, amiket a t\u00e1ncon kereszt\u00fcl hoztunk l\u00e9tre, szerte a vil\u00e1gon &#8211; amit \u00e9n \u00fagy k\u00e9pzelek el, mint egy gy\u00f6ny\u00f6r\u0171 arany p\u00f3kh\u00e1l\u00f3. Szeretn\u00e9k tov\u00e1bbra is kapcsol\u00f3dni veletek \u00e9s most erre egyed\u00fcl online m\u00f3don van lehet\u0151s\u00e9g\u00fcnk. A turn\u00e9 napt\u00e1ram nem engedte eddig, hogy online platformokon legyek jelen, de \u00fagy n\u00e9z ki, ez az id\u0151 most el\u00e9rkezett. Karrierem sor\u00e1n most el\u0151sz\u00f6r aj\u00e1nlok online coaching lehet\u0151s\u00e9get, szem\u00e9lyes oktat\u00e1st, egy\u00e9ni koreogr\u00e1fia k\u00e9sz\u00edt\u00e9s\u00e9t vagy saj\u00e1t munka \u00e1ttekint\u00e9s\u00e9t, el\u0151ad\u00e1s-coachingot \u00e9s alapvet\u0151en b\u00e1rmit, amire ig\u00e9nyetek van t\u0151lem ebben a neh\u00e9z id\u0151szakban. Kapj el, am\u00edg m\u00e9g itthon vagyok ?[\/vc_column_text][vc_single_image image=&#8221;6080&#8243; alignment=&#8221;center&#8221;][vc_column_text]\n<h3 style=\"text-align: center\"><strong>RAQSoul Workshopok<\/strong><\/h3>\n<h3 style=\"text-align: center\">Maradj otthon &amp; t\u00e1ncolj!<\/h3>\n<div style=\"text-align: center\"><strong>Online \u00c9L\u0150 workshopok Mercedesszel!<\/strong><br \/>\nCsatlakozz hozz\u00e1m egy nemzetk\u00f6zi, m\u00e9gis kellemes hangulat\u00fa workshopra az otthonodban!<br \/>\nMost megtanulhatsz izgalmas kombin\u00e1ci\u00f3kat \u00e9s koreogr\u00e1fi\u00e1kat. Garant\u00e1ltan bearanyozza a h\u00e9tv\u00e9g\u00e9d!<\/div>\n[\/vc_column_text][vc_single_image image=&#8221;9432&#8243; img_size=&#8221;full&#8221; alignment=&#8221;center&#8221;][vc_row_inner][vc_column_inner][vc_column_text]\n<h2 style=\"text-align: center\">RAQSoul Online Kurzus, 2020 \u0151sz \u00e9s t\u00e9l<\/h2>\n<p style=\"text-align: center\"><em>Old\u00f3dj fel a Raq Sharki \u00fatj\u00e1ban Mercedesszel \u2013 \u00faj technik\u00e1k, t\u00e1nc st\u00edlus, szofisztik\u00e1lt koreogr\u00e1fi\u00e1k, trainingek \u00e9s eszt\u00e9tikai fejl\u0151d\u00e9s v\u00e9get nem \u00e9r\u0151 inspir\u00e1ci\u00f3ja.<\/em><\/p>\n<p style=\"text-align: center\">\u00daj tanfolyam a legelk\u00f6telezettebb \u00e9s kreativit\u00e1st keres\u0151 t\u00e1ncosok sz\u00e1m\u00e1ra \u2013 most el\u0151sz\u00f6r: legfrissebb \u00e9l\u0151 online workshop-tapasztalataim felhaszn\u00e1l\u00e1s\u00e1val k\u00e9sz\u00edtettem a RAQSoul Tanfolyamot a mostani 2020 \u0151szi-t\u00e9li szezonra. Ez a havi tanfolyam 8 workshopb\u00f3l \u00e1ll az \u00e9v h\u00e1tralev\u0151 r\u00e9sz\u00e9nek 4 h\u00e9tv\u00e9g\u00e9j\u00e9n \u2013 minden t\u00e9m\u00e1t a tanfolyam minden napj\u00e1n k\u00e9tszer megism\u00e9telek, hogy az \u00f6sszes id\u0151z\u00f3n\u00e1ban el\u00e9rhet\u0151 legyen. Halad\u00f3-profi szinten aj\u00e1nlott.\u00a0\u00a0\u00d6sszetett, t\u00f6bb r\u00e9tegb\u0151l \u00e1ll\u00f3 koreogr\u00e1fi\u00e1kat \u00e9s intenz\u00edv technikai workshopokat aj\u00e1nlok a sz\u00e1motokra, amik a t\u00e1nc kreat\u00edv, \u00faj megk\u00f6zel\u00edt\u00e9seire, \u00e9s a m\u0171v\u00e9szi \u00e9rtelmez\u00e9sre \u00f6sszpontos\u00edtanak halad\u00f3t\u00f3l profi szintig.<\/p>\n[\/vc_column_text][vc_column_text][\/vc_column_text][\/vc_column_inner][\/vc_row_inner][vc_column_text]\n<h4 style=\"text-align: center\">Az TREASURED TARAB workshop id\u0151tartama 180, a BEST OF RAQSOUL workshop id\u0151tartama 120 perc. A f\u00e9r\u0151helyek korl\u00e1tlanul rendelkez\u00e9sre \u00e1llnak, de szeretn\u00e9nk, ha a workshopok kellemes hangulat\u00faak maradn\u00e1nak.<br \/>\nK\u00e9rj\u00fck, foglald le a helyed min\u00e9l el\u0151bb.<\/h4>\n<p style=\"text-align: center\"><strong>\u00c1r:<\/strong><\/p>\n<p style=\"text-align: center\"><strong>TREASURED TARAB workshop 50\u20ac<\/strong><\/p>\n<p style=\"text-align: center\"><strong>BEST OF RAQSOUL workshop 40\u20ac<\/strong><\/p>\n<p style=\"text-align: center\"><strong>Csomagaj\u00e1nlat mindk\u00e9t workshopra: 80 \u20ac<\/strong><br \/>\nA workshopok felv\u00e9teleit term\u00e9szetesen megkapod.<\/p>\n<p style=\"text-align: center\"><em><strong>Hagyom\u00e1nyos Nimfeum b\u00e9rletes tanitv\u00e1nyoknak 20% kedvezm\u00e9ny az \u00e1rakb\u00f3l!<\/strong><\/em><\/p>\n<p style=\"text-align: center\">Az \u00f3ra a ZOOM alkalmaz\u00e1son kereszt\u00fcl zajlik majd. Ha csatlakozni szeretn\u00e9l, sz\u00fcks\u00e9ged lesz egy eszk\u00f6zre (laptop, mobil, tablet) amire el\u0151zetesen telep\u00edted a ZOOM-ot. Csak p\u00e1r kattint\u00e1s az eg\u00e9sz:\u00a0<a href=\"https:\/\/zoom.us\/support\/download\" target=\"_blank\" rel=\"noopener noreferrer\" data-saferedirecturl=\"https:\/\/www.google.com\/url?q=https:\/\/zoom.us\/support\/download&amp;source=gmail&amp;ust=1585297236320000&amp;usg=AFQjCNGsYWkaudQ-NT1bq8j-IOYRJolngQ\">https:\/\/zoom.us\/support\/download<\/a><br \/>\nA fizet\u00e9s teljes\u00edt\u00e9se ut\u00e1n e-mailben kapod meg a sz\u00fcks\u00e9ges inform\u00e1ci\u00f3kat a bejelentkez\u00e9shez.<\/p>\n[\/vc_column_text][vc_btn title=&#8221;TOV\u00c1BB A JELENTKEZ\u00c9SHEZ!&#8221; color=&#8221;primary&#8221; size=&#8221;lg&#8221; align=&#8221;center&#8221; button_block=&#8221;true&#8221; link=&#8221;url:https%3A%2F%2Fnietomercedes.com%2Fen%2Fbooking%2F|title:Jelentkez%C3%A9s|target:%20_blank|&#8221;][vc_column_text]\n<p style=\"text-align: center\"><strong>K\u00e9rd\u00e9s eset\u00e9n keresd Merc\u00e9deszt: nieto_mercedes@yahoo.com vagy messengeren kereszt\u00fcl<\/strong><\/p>\n[\/vc_column_text][vc_single_image image=&#8221;6082&#8243; alignment=&#8221;center&#8221;][vc_column_text]\n<h3 style=\"text-align: center\">Itt olvashat\u00f3k az \u00e1ltal\u00e1nos tudnival\u00f3k az online \u00f3r\u00e1kr\u00f3l, k\u00e9rlek, jelentkezzetek n\u00e1lam a tov\u00e1bbi r\u00e9szletek\u00e9rt.<\/h3>\n[\/vc_column_text][vc_single_image image=&#8221;9434&#8243; img_size=&#8221;full&#8221; alignment=&#8221;center&#8221;][vc_column_text]\n<h4 style=\"text-align: center\">NIMFA TR\u00c9NING \u00c9l\u0151 csopotos \u00f3r\u00e1k &#8211; Zoom-on<\/h4>\n<p style=\"text-align: center\">Csatlakozz lelkes t\u00e1ncosokhoz szerte a vil\u00e1gb\u00f3l: <strong>15 \u20ac<\/strong><\/p>\n<p style=\"text-align: center\">(de ha veszel Nimfeum Online b\u00e9rletet, akkor 4 alkalom csak 6000 Ft)<\/p>\n<p style=\"text-align: center\">Halad\u00f3 t\u00e1ncedz\u00e9s kombin\u00e1ci\u00f3kkal \u00e9s koreogr\u00e1fiaalkot\u00e1ssal.<\/p>\n<p style=\"text-align: center\">K\u00e9rlek, k\u00fcldd el a jelentkez\u00e9sed \u00e9s befizet\u00e9sed legk\u00e9s\u0151bb az \u00f3ra kezdete el\u0151tt egy \u00f3r\u00e1val.<\/p>\n<p style=\"text-align: center\"><span style=\"font-size: 18pt\"><strong>\u00d3rarend:<\/strong><\/span><\/p>\n<p style=\"text-align: center\">Kedd 19:30 &#8211; 20:45 (Budapesti id\u0151 szerint)<\/p>\n<p style=\"text-align: center\">Szerda 19:30 &#8211; 20:45 (Budapesti id\u0151 szerint)<\/p>\n<p style=\"text-align: center\"><em>A lista tov\u00e1bbi napokkal fog m\u00e9g kieg\u00e9sz\u00fclni!<\/em><\/p>\n[\/vc_column_text][vc_btn title=&#8221;TOV\u00c1BB A JELENTKEZ\u00c9SHEZ!&#8221; color=&#8221;purple&#8221; size=&#8221;lg&#8221; align=&#8221;center&#8221; button_block=&#8221;true&#8221; link=&#8221;url:https%3A%2F%2Fnietomercedes.com%2Fen%2Fbooking%2F|title:Jelentkez%C3%A9s|target:%20_blank|&#8221;][vc_single_image image=&#8221;8206&#8243; img_size=&#8221;large&#8221; alignment=&#8221;center&#8221;][\/vc_column][\/vc_row][vc_row][vc_column width=&#8221;1\/2&#8243;][vc_column_text]\n<h4 style=\"text-align: center\">INSPIR\u00c1CI\u00d3 Szem\u00e9lyes coaching<\/h4>\n<p style=\"text-align: center\">&#8211; vide\u00f3s visszajelz\u00e9sek, koreogr\u00e1fia seg\u00edts\u00e9g<\/p>\n<p style=\"text-align: center\"><span style=\"font-size: 14pt\"><strong>\u00c1r: 50 \u20ac<\/strong><\/span><\/p>\n<p style=\"text-align: center\">R\u00e9szletes kritikai \u00e9szrev\u00e9telek, kivitelez\u00e9si javaslatok kieg\u00e9sz\u00edt\u0151 \u00f6tletetekkel, \u00e1tfog\u00f3 inspir\u00e1l\u00f3d\u00e1s<\/p>\n[\/vc_column_text][\/vc_column][vc_column width=&#8221;1\/2&#8243;][vc_column_text]\n<h4 style=\"text-align: center\">CSAK TE Priv\u00e1t t\u00e1nc \u00f3ra<\/h4>\n<p style=\"text-align: center\">&#8211; szem\u00e9lyre szabott mag\u00e1n\u00f3ra<\/p>\n<p style=\"text-align: center\"><span style=\"font-size: 14pt\"><strong>\u00c1r: 80 \u20ac<\/strong><\/span><\/p>\n<p style=\"text-align: center\">T\u00e1ncedz\u00e9s, hasznos tippek, kombin\u00e1ci\u00f3 alkot\u00e1s vagy koreogr\u00e1fia-seg\u00edts\u00e9g, korrig\u00e1l\u00e1s, hossz\u00fa t\u00e1v\u00fa c\u00e9lkit\u0171z\u00e9s-fel\u00e1ll\u00edt\u00e1s, m\u0171v\u00e9szi ir\u00e1nymutat\u00e1s<\/p>\n[\/vc_column_text][\/vc_column][\/vc_row][vc_row][vc_column width=&#8221;1\/2&#8243;][vc_column_text]\n<h4 style=\"text-align: center\">NEXT LEVEL Koreogr\u00e1fia csomag<\/h4>\n<p style=\"text-align: center\">Egy m\u00e1r megl\u00e9v\u0151 teljes Mercedes koreogr\u00e1fia betan\u00edt\u00e1sa \u00e9s instru\u00e1l\u00e1s, a koreogr\u00e1fia zenei anyaga \u00e9s elemz\u00e9se, &#8211; 3 mag\u00e1n\u00f3r\u00e1ban, plusz r\u00f6gz\u00edtett \u00f3rai anyag, ut\u00f3lagos e-mail\/vide\u00f3 kapcsolattart\u00e1s<\/p>\n<p>&nbsp;<\/p>\n<p style=\"text-align: center\"><span style=\"font-size: 14pt\"><strong>\u00c1r: 300 \u20ac<\/strong><\/span><\/p>\n[\/vc_column_text][\/vc_column][vc_column width=&#8221;1\/2&#8243;][vc_column_text]\n<h4 style=\"text-align: center\">RAQSOUL VIP Szem\u00e9lyre szabott \u00faj koreogr\u00e1fia csomag<\/h4>\n<p style=\"text-align: center\">Mag\u00e1ban foglal egy teljesen \u00faj, sz\u00e1modra megalkotott koreogr\u00e1fi\u00e1t, 3 mag\u00e1n\u00f3rai betan\u00edt\u00e1st, r\u00f6gz\u00edtett \u00f3rai anyagokat, ut\u00f3lagos email\/vide\u00f3 kapcsolattart\u00e1st<\/p>\n<p>&nbsp;<\/p>\n<p style=\"text-align: center\"><span style=\"font-size: 14pt\"><strong>\u00c1r: 500 \u20ac<\/strong><\/span><\/p>\n[\/vc_column_text][\/vc_column][\/vc_row][vc_row][vc_column][vc_single_image image=&#8221;8211&#8243; img_size=&#8221;large&#8221; alignment=&#8221;center&#8221;][vc_single_image image=&#8221;6080&#8243; alignment=&#8221;center&#8221;][vc_column_text]\n<p style=\"text-align: center\"><strong>Minden mag\u00e1n\u00f3ra alkalom 60 perces. Az \u00e9l\u0151 csoportos alkalmak 75 percesek.<\/strong><\/p>\n<p style=\"text-align: center\">K\u00fcl\u00f6n kedvezm\u00e9nyek azoknak, akik rendszeress\u00e9g ig\u00e9ny\u00e9vel foglalnak (3 alkalomt\u00f3l kezd\u0151d\u0151en)<\/p>\n<p style=\"text-align: center\">A mag\u00e1n\u00f3ra alkalmak id\u0151pontjai megbesz\u00e9l\u00e9s szerint \u00e9s a szabad rendelkez\u00e9sre \u00e1ll\u00e1s szerint alakulnak. Az alkalmak egyszerre t\u00f6bb szem\u00e9ly sz\u00e1m\u00e1ra is felaj\u00e1nl\u00e1sra ker\u00fclhetnek, ha erre ig\u00e9ny van.<\/p>\n<p style=\"text-align: center\"><strong>Regisztr\u00e1ci\u00f3 \u00e9s tov\u00e1bbi inform\u00e1ci\u00f3: nieto_mercedes@yahoo.com<\/strong><\/p>\n<p style=\"text-align: center\"><em><strong>Fontos inf\u00f3 magyar t\u00e1ncosoknak: az eur\u00f3 \u00e1rfolyam ingadoz\u00e1sa miatt minden eur\u00f3s \u00e1rb\u00f3l 10% kedvezm\u00e9nyt tudok aj\u00e1nlani a forintban fizet\u0151 magyar t\u00e1ncosoknak! Saj\u00e1t (ak\u00e1r Nimfeumos, ak\u00e1r vid\u00e9ki) tan\u00edtv\u00e1nyaimnak tov\u00e1bbi kedvezm\u00e9nyek is vannak, err\u0151l k\u00e9rlek, \u00e9rdekl\u0151dj n\u00e1lam.\u00a0<\/strong><\/em><\/p>\n<p style=\"text-align: center\">A fizet\u00e9st utal\u00e1ssal vagy PayPal-al tudod rendezni legk\u00e9s\u0151bb az \u00f3ra megkezd\u00e9se el\u0151tt egy \u00f3r\u00e1val.<\/p>\n<p style=\"text-align: center\"><strong>Fizet\u00e9si m\u00f3dok:<\/strong><\/p>\n<p style=\"text-align: center\"><strong>PayPal<\/strong>: info@nietomercedes.com<\/p>\n<p style=\"text-align: center\"><strong>Banki utal\u00e1s:<\/strong><\/p>\n<p style=\"text-align: center\">Mercedes Nieto Oriental Art<\/p>\n<p style=\"text-align: center\">Nieto Mercedesz<\/p>\n<p style=\"text-align: center\">Budapest Bank<\/p>\n<p style=\"text-align: center\">C\u00edm: 1138, V\u00e1ci \u00fat 188, Budapest.<\/p>\n<p style=\"text-align: center\">Sz\u00e1mlasz\u00e1m: 10103104-41873100-01004009<\/p>\n<p style=\"text-align: center\">SWIFT \/ BIC k\u00f3d: BUDAHUHB<\/p>\n<p style=\"text-align: center\">Iban k\u00f3d: HU78-10103104-41873100-01004009<\/p>\n[\/vc_column_text][\/vc_column][\/vc_row][vc_row][vc_column][vc_single_image image=&#8221;6082&#8243; alignment=&#8221;center&#8221;][vc_column_text]\n<h4 style=\"text-align: center\"><strong>Egy \u00faj lehet\u0151s\u00e9g, hogy egy gy\u00f6ny\u00f6r\u0171 \u00e9s egyedi koreogr\u00e1fi\u00e1t tanulhass meg otthon vagy \u00faj technikai elemeket saj\u00e1t\u00edthass el &#8211; egyenesen Mercedest\u0151l!<\/strong><\/h4>\n[\/vc_column_text]<div class=\"woocommerce columns-4 \"><ul class=\"products columns-4\">\n<li class=\"has-post-thumbnail product type-product post-9118 status-publish first instock product_cat-raqsoul-workshop-videos downloadable virtual taxable purchasable product-type-simple\">\n\t<div class=\"entry-product\"><div class=\"entry-featured\"><a href=\"https:\/\/nietomercedes.com\/en\/termek\/ahlam-hayati\/\"><img width=\"300\" height=\"300\" src=\"https:\/\/nietomercedes.com\/wp-content\/uploads\/2020\/06\/raqsoulWS-ahlam-hayati-v3-300x300.jpg\" class=\"attachment-shop_catalog size-shop_catalog wp-post-image\" alt=\"\" loading=\"lazy\" srcset=\"https:\/\/nietomercedes.com\/wp-content\/uploads\/2020\/06\/raqsoulWS-ahlam-hayati-v3-300x300.jpg 300w, https:\/\/nietomercedes.com\/wp-content\/uploads\/2020\/06\/raqsoulWS-ahlam-hayati-v3-150x150.jpg 150w, https:\/\/nietomercedes.com\/wp-content\/uploads\/2020\/06\/raqsoulWS-ahlam-hayati-v3-768x768.jpg 768w, https:\/\/nietomercedes.com\/wp-content\/uploads\/2020\/06\/raqsoulWS-ahlam-hayati-v3-100x100.jpg 100w, https:\/\/nietomercedes.com\/wp-content\/uploads\/2020\/06\/raqsoulWS-ahlam-hayati-v3-600x600.jpg 600w, https:\/\/nietomercedes.com\/wp-content\/uploads\/2020\/06\/raqsoulWS-ahlam-hayati-v3.jpg 800w\" sizes=\"(max-width: 300px) 100vw, 300px\" \/><\/a><\/div><div class=\"entry-wrap\"><header class=\"entry-header\"><h3><a href=\"https:\/\/nietomercedes.com\/en\/termek\/ahlam-hayati\/\">AHLAM HAYATI<\/a><\/h3><a href=\"?add-to-cart=9118\" data-quantity=\"1\" class=\"button product_type_simple add_to_cart_button ajax_add_to_cart\" data-product_id=\"9118\" data-product_sku=\"VID-KOR-AHL\" aria-label=\"Add &ldquo;AHLAM HAYATI&rdquo; to your cart\" rel=\"nofollow\">Add to cart<\/a><\/header><\/div><\/div><\/li>\n<li class=\"has-post-thumbnail product type-product post-9114 status-publish instock product_cat-raqsoul-workshop-videos downloadable virtual taxable purchasable product-type-simple\">\n\t<div class=\"entry-product\"><div class=\"entry-featured\"><a href=\"https:\/\/nietomercedes.com\/en\/termek\/best-of-raqsoul\/\"><img width=\"300\" height=\"300\" src=\"https:\/\/nietomercedes.com\/wp-content\/uploads\/2020\/06\/videoanyag-best-of-raqsoul-v2-300x300.jpg\" class=\"attachment-shop_catalog size-shop_catalog wp-post-image\" alt=\"\" loading=\"lazy\" srcset=\"https:\/\/nietomercedes.com\/wp-content\/uploads\/2020\/06\/videoanyag-best-of-raqsoul-v2-300x300.jpg 300w, https:\/\/nietomercedes.com\/wp-content\/uploads\/2020\/06\/videoanyag-best-of-raqsoul-v2-800x800.jpg 800w, https:\/\/nietomercedes.com\/wp-content\/uploads\/2020\/06\/videoanyag-best-of-raqsoul-v2-150x150.jpg 150w, https:\/\/nietomercedes.com\/wp-content\/uploads\/2020\/06\/videoanyag-best-of-raqsoul-v2-768x768.jpg 768w, https:\/\/nietomercedes.com\/wp-content\/uploads\/2020\/06\/videoanyag-best-of-raqsoul-v2-100x100.jpg 100w, https:\/\/nietomercedes.com\/wp-content\/uploads\/2020\/06\/videoanyag-best-of-raqsoul-v2-870x870.jpg 870w, https:\/\/nietomercedes.com\/wp-content\/uploads\/2020\/06\/videoanyag-best-of-raqsoul-v2-600x600.jpg 600w, https:\/\/nietomercedes.com\/wp-content\/uploads\/2020\/06\/videoanyag-best-of-raqsoul-v2.jpg 1080w\" sizes=\"(max-width: 300px) 100vw, 300px\" \/><\/a><\/div><div class=\"entry-wrap\"><header class=\"entry-header\"><h3><a href=\"https:\/\/nietomercedes.com\/en\/termek\/best-of-raqsoul\/\">BEST OF RAQSOUL<\/a><\/h3><a href=\"?add-to-cart=9114\" data-quantity=\"1\" class=\"button product_type_simple add_to_cart_button ajax_add_to_cart\" data-product_id=\"9114\" data-product_sku=\"VID-TECH-BES\" aria-label=\"Add &ldquo;BEST OF RAQSOUL&rdquo; to your cart\" rel=\"nofollow\">Add to cart<\/a><\/header><\/div><\/div><\/li>\n<li class=\"has-post-thumbnail product type-product post-11803 status-publish instock product_cat-raqsoul-workshop-videos downloadable virtual taxable purchasable product-type-simple\">\n\t<div class=\"entry-product\"><div class=\"entry-featured\"><a href=\"https:\/\/nietomercedes.com\/en\/termek\/bint-el-aweya\/\"><img width=\"300\" height=\"300\" src=\"https:\/\/nietomercedes.com\/wp-content\/uploads\/2023\/12\/bint_el_ayeva_raqsoul_online-300x300.jpg\" class=\"attachment-shop_catalog size-shop_catalog wp-post-image\" alt=\"\" loading=\"lazy\" srcset=\"https:\/\/nietomercedes.com\/wp-content\/uploads\/2023\/12\/bint_el_ayeva_raqsoul_online-300x300.jpg 300w, https:\/\/nietomercedes.com\/wp-content\/uploads\/2023\/12\/bint_el_ayeva_raqsoul_online-150x150.jpg 150w, https:\/\/nietomercedes.com\/wp-content\/uploads\/2023\/12\/bint_el_ayeva_raqsoul_online-100x100.jpg 100w, https:\/\/nietomercedes.com\/wp-content\/uploads\/2023\/12\/bint_el_ayeva_raqsoul_online-600x600.jpg 600w, https:\/\/nietomercedes.com\/wp-content\/uploads\/2023\/12\/bint_el_ayeva_raqsoul_online.jpg 722w\" sizes=\"(max-width: 300px) 100vw, 300px\" \/><\/a><\/div><div class=\"entry-wrap\"><header class=\"entry-header\"><h3><a href=\"https:\/\/nietomercedes.com\/en\/termek\/bint-el-aweya\/\">Bint El Aweya<\/a><\/h3><a href=\"?add-to-cart=11803\" data-quantity=\"1\" class=\"button product_type_simple add_to_cart_button ajax_add_to_cart\" data-product_id=\"11803\" data-product_sku=\"VID-BINT-EL-AWEYA\" aria-label=\"Add &ldquo;Bint El Aweya&rdquo; to your cart\" rel=\"nofollow\">Add to cart<\/a><\/header><\/div><\/div><\/li>\n<li class=\"has-post-thumbnail product type-product post-9121 status-publish last instock product_cat-raqsoul-workshop-videos downloadable virtual taxable purchasable product-type-simple\">\n\t<div class=\"entry-product\"><div class=\"entry-featured\"><a href=\"https:\/\/nietomercedes.com\/en\/termek\/eternal-melody\/\"><img width=\"300\" height=\"300\" src=\"https:\/\/nietomercedes.com\/wp-content\/uploads\/2020\/06\/raqsoulWS-eternal-melody-v2-300x300.jpg\" class=\"attachment-shop_catalog size-shop_catalog wp-post-image\" alt=\"\" loading=\"lazy\" srcset=\"https:\/\/nietomercedes.com\/wp-content\/uploads\/2020\/06\/raqsoulWS-eternal-melody-v2-300x300.jpg 300w, https:\/\/nietomercedes.com\/wp-content\/uploads\/2020\/06\/raqsoulWS-eternal-melody-v2-800x800.jpg 800w, https:\/\/nietomercedes.com\/wp-content\/uploads\/2020\/06\/raqsoulWS-eternal-melody-v2-150x150.jpg 150w, https:\/\/nietomercedes.com\/wp-content\/uploads\/2020\/06\/raqsoulWS-eternal-melody-v2-768x768.jpg 768w, https:\/\/nietomercedes.com\/wp-content\/uploads\/2020\/06\/raqsoulWS-eternal-melody-v2-100x100.jpg 100w, https:\/\/nietomercedes.com\/wp-content\/uploads\/2020\/06\/raqsoulWS-eternal-melody-v2-870x870.jpg 870w, https:\/\/nietomercedes.com\/wp-content\/uploads\/2020\/06\/raqsoulWS-eternal-melody-v2-600x600.jpg 600w, https:\/\/nietomercedes.com\/wp-content\/uploads\/2020\/06\/raqsoulWS-eternal-melody-v2.jpg 1080w\" sizes=\"(max-width: 300px) 100vw, 300px\" \/><\/a><\/div><div class=\"entry-wrap\"><header class=\"entry-header\"><h3><a href=\"https:\/\/nietomercedes.com\/en\/termek\/eternal-melody\/\">ETERNAL MELODY<\/a><\/h3><a href=\"?add-to-cart=9121\" data-quantity=\"1\" class=\"button product_type_simple add_to_cart_button ajax_add_to_cart\" data-product_id=\"9121\" data-product_sku=\"VID-KOR-ETE\" aria-label=\"Add &ldquo;ETERNAL MELODY&rdquo; to your cart\" rel=\"nofollow\">Add to cart<\/a><\/header><\/div><\/div><\/li>\n<\/ul>\n<\/div>[vc_btn title=&#8221;TOV\u00c1BB A T\u00d6BBI TERM\u00c9KHEZ!&#8221; style=&#8221;custom&#8221; custom_background=&#8221;#af8108&#8243; custom_text=&#8221;#ffffff&#8221; size=&#8221;lg&#8221; align=&#8221;center&#8221; button_block=&#8221;true&#8221; link=&#8221;url:https%3A%2F%2Fnietomercedes.com%2Fraqsoul-saturday-workshop-videoanyagok%2F|title:RAQSoul%20Saturday%20Workshop%20vide%C3%B3anyagok|target:%20_blank|&#8221;][\/vc_column][\/vc_row][vc_row][vc_column][\/vc_column][\/vc_row]\n","protected":false},"excerpt":{"rendered":"<p>[vc_row][vc_column][vc_single_image image=&#8221;8147&#8243; img_size=&#8221;full&#8221; alignment=&#8221;center&#8221;][vc_column_text] RAQSoul Nieto Mercedesszel &nbsp; A vil\u00e1gunk csup\u00e1n p\u00e1r nap alatt teljesen megv\u00e1ltozott. Amit a k\u00f6zelm\u00faltb\u00f3l a legink\u00e1bb hi\u00e1nyolok, azok az \u00e9rt\u00e9kes kapcsol\u00f3d\u00e1sok, amiket a t\u00e1ncon kereszt\u00fcl hoztunk l\u00e9tre, szerte a vil\u00e1gon &#8211; amit \u00e9n \u00fagy k\u00e9pzelek el, mint egy gy\u00f6ny\u00f6r\u0171 arany p\u00f3kh\u00e1l\u00f3. Szeretn\u00e9k tov\u00e1bbra is kapcsol\u00f3dni veletek \u00e9s most erre egyed\u00fcl online m\u00f3don van lehet\u0151s\u00e9g\u00fcnk. A &#8230; <\/p>\n<div><a href=\"https:\/\/nietomercedes.com\/en\/raqsoul-with-mercedes-nieto\/\" class=\"more-link\">Read More<\/a><\/div>\n","protected":false},"author":3,"featured_media":0,"parent":0,"menu_order":0,"comment_status":"closed","ping_status":"closed","template":"template-layout-full-width.php","meta":{"_monsterinsights_skip_tracking":false,"_monsterinsights_sitenote_active":false,"_monsterinsights_sitenote_note":"","_monsterinsights_sitenote_category":0},"yoast_head":"<!-- This site is optimized with the Yoast SEO plugin v16.1.1 - https:\/\/yoast.com\/wordpress\/plugins\/seo\/ -->\n<title>RAQSoul with Mercedes Nieto - Nietomercedes.com<\/title>\n<link rel=\"canonical\" href=\"https:\/\/nietomercedes.com\/en\/raqsoul-with-mercedes-nieto\/\" \/>\n<meta property=\"og:locale\" content=\"en_US\" \/>\n<meta property=\"og:type\" content=\"article\" \/>\n<meta property=\"og:title\" content=\"RAQSoul with Mercedes Nieto - Nietomercedes.com\" \/>\n<meta property=\"og:description\" content=\"[vc_row][vc_column][vc_single_image image=&#8221;8147&#8243; img_size=&#8221;full&#8221; alignment=&#8221;center&#8221;][vc_column_text] RAQSoul Nieto Mercedesszel &nbsp; A vil\u00e1gunk csup\u00e1n p\u00e1r nap alatt teljesen megv\u00e1ltozott. Amit a k\u00f6zelm\u00faltb\u00f3l a legink\u00e1bb hi\u00e1nyolok, azok az \u00e9rt\u00e9kes kapcsol\u00f3d\u00e1sok, amiket a t\u00e1ncon kereszt\u00fcl hoztunk l\u00e9tre, szerte a vil\u00e1gon &#8211; amit \u00e9n \u00fagy k\u00e9pzelek el, mint egy gy\u00f6ny\u00f6r\u0171 arany p\u00f3kh\u00e1l\u00f3. Szeretn\u00e9k tov\u00e1bbra is kapcsol\u00f3dni veletek \u00e9s most erre egyed\u00fcl online m\u00f3don van lehet\u0151s\u00e9g\u00fcnk. A ... Read More\" \/>\n<meta property=\"og:url\" content=\"https:\/\/nietomercedes.com\/en\/raqsoul-with-mercedes-nieto\/\" \/>\n<meta property=\"og:site_name\" content=\"Nietomercedes.com\" \/>\n<meta property=\"article:modified_time\" content=\"2020-12-18T16:10:57+00:00\" \/>\n<meta name=\"twitter:card\" content=\"summary_large_image\" \/>\n<meta name=\"twitter:label1\" content=\"Est. reading time\">\n\t<meta name=\"twitter:data1\" content=\"7 minutes\">\n<script type=\"application\/ld+json\" class=\"yoast-schema-graph\">{\"@context\":\"https:\/\/schema.org\",\"@graph\":[{\"@type\":\"WebSite\",\"@id\":\"https:\/\/nietomercedes.com\/en\/#website\",\"url\":\"https:\/\/nietomercedes.com\/en\/\",\"name\":\"Nietomercedes.com\",\"description\":\"M\\u0171v\\u00e9szi Hast\\u00e1ncoktat\\u00e1s Budapest - Nimfeum a J\\u00e1szai Mari t\\u00e9rn\\u00e9l - Kezd\\u0151 \\u00e9s halad\\u00f3 hast\\u00e1nc\",\"potentialAction\":[{\"@type\":\"SearchAction\",\"target\":\"https:\/\/nietomercedes.com\/en\/?s={search_term_string}\",\"query-input\":\"required name=search_term_string\"}],\"inLanguage\":\"en-US\"},{\"@type\":\"WebPage\",\"@id\":\"https:\/\/nietomercedes.com\/en\/raqsoul-with-mercedes-nieto\/#webpage\",\"url\":\"https:\/\/nietomercedes.com\/en\/raqsoul-with-mercedes-nieto\/\",\"name\":\"RAQSoul with Mercedes Nieto - Nietomercedes.com\",\"isPartOf\":{\"@id\":\"https:\/\/nietomercedes.com\/en\/#website\"},\"datePublished\":\"2020-03-26T10:10:16+00:00\",\"dateModified\":\"2020-12-18T16:10:57+00:00\",\"breadcrumb\":{\"@id\":\"https:\/\/nietomercedes.com\/en\/raqsoul-with-mercedes-nieto\/#breadcrumb\"},\"inLanguage\":\"en-US\",\"potentialAction\":[{\"@type\":\"ReadAction\",\"target\":[\"https:\/\/nietomercedes.com\/en\/raqsoul-with-mercedes-nieto\/\"]}]},{\"@type\":\"BreadcrumbList\",\"@id\":\"https:\/\/nietomercedes.com\/en\/raqsoul-with-mercedes-nieto\/#breadcrumb\",\"itemListElement\":[{\"@type\":\"ListItem\",\"position\":1,\"item\":{\"@type\":\"WebPage\",\"@id\":\"https:\/\/nietomercedes.com\/en\/\",\"url\":\"https:\/\/nietomercedes.com\/en\/\",\"name\":\"Home\"}},{\"@type\":\"ListItem\",\"position\":2,\"item\":{\"@type\":\"WebPage\",\"@id\":\"https:\/\/nietomercedes.com\/en\/raqsoul-with-mercedes-nieto\/\",\"url\":\"https:\/\/nietomercedes.com\/en\/raqsoul-with-mercedes-nieto\/\",\"name\":\"RAQSoul with Mercedes Nieto\"}}]}]}<\/script>\n<!-- \/ Yoast SEO plugin. -->","_links":{"self":[{"href":"https:\/\/nietomercedes.com\/en\/wp-json\/wp\/v2\/pages\/8214"}],"collection":[{"href":"https:\/\/nietomercedes.com\/en\/wp-json\/wp\/v2\/pages"}],"about":[{"href":"https:\/\/nietomercedes.com\/en\/wp-json\/wp\/v2\/types\/page"}],"author":[{"embeddable":true,"href":"https:\/\/nietomercedes.com\/en\/wp-json\/wp\/v2\/users\/3"}],"replies":[{"embeddable":true,"href":"https:\/\/nietomercedes.com\/en\/wp-json\/wp\/v2\/comments?post=8214"}],"version-history":[{"count":21,"href":"https:\/\/nietomercedes.com\/en\/wp-json\/wp\/v2\/pages\/8214\/revisions"}],"predecessor-version":[{"id":9892,"href":"https:\/\/nietomercedes.com\/en\/wp-json\/wp\/v2\/pages\/8214\/revisions\/9892"}],"wp:attachment":[{"href":"https:\/\/nietomercedes.com\/en\/wp-json\/wp\/v2\/media?parent=8214"}],"curies":[{"name":"wp","href":"https:\/\/api.w.org\/{rel}","templated":true}]}}